{"id":376,"date":"2026-03-12T04:06:15","date_gmt":"2026-03-12T01:06:15","guid":{"rendered":"http:\/\/www.aufmark.com.tr\/?page_id=376"},"modified":"2026-04-02T22:40:09","modified_gmt":"2026-04-02T19:40:09","slug":"problem-cozum","status":"publish","type":"page","link":"https:\/\/www.aufmark.com.tr\/?page_id=376","title":{"rendered":"SEKT\u00d6REL PROBLEM &amp; \u00c7\u00d6Z\u00dcM"},"content":{"rendered":"\n<figure class=\"wp-block-image alignfull size-large\"><img data-opt-id=225346489  fetchpriority=\"high\" decoding=\"async\" width=\"724\" height=\"1024\" src=\"https:\/\/mlvqpq3tsftm.i.optimole.com\/cb:cqvF.b6a\/w:724\/h:1024\/q:mauto\/f:best\/https:\/\/www.aufmark.com.tr\/wp-content\/uploads\/2026\/03\/5-1.jpg\" alt=\"\" class=\"wp-image-502\" srcset=\"https:\/\/mlvqpq3tsftm.i.optimole.com\/cb:cqvF.b6a\/w:724\/h:1024\/q:mauto\/f:best\/https:\/\/www.aufmark.com.tr\/wp-content\/uploads\/2026\/03\/5-1.jpg 724w, https:\/\/mlvqpq3tsftm.i.optimole.com\/cb:cqvF.b6a\/w:212\/h:300\/q:mauto\/f:best\/https:\/\/www.aufmark.com.tr\/wp-content\/uploads\/2026\/03\/5-1.jpg 212w, https:\/\/mlvqpq3tsftm.i.optimole.com\/cb:cqvF.b6a\/w:768\/h:1086\/q:mauto\/f:best\/https:\/\/www.aufmark.com.tr\/wp-content\/uploads\/2026\/03\/5-1.jpg 768w, https:\/\/mlvqpq3tsftm.i.optimole.com\/cb:cqvF.b6a\/w:1086\/h:1536\/q:mauto\/f:best\/https:\/\/www.aufmark.com.tr\/wp-content\/uploads\/2026\/03\/5-1.jpg 1086w, https:\/\/mlvqpq3tsftm.i.optimole.com\/cb:cqvF.b6a\/w:1414\/h:2000\/q:mauto\/f:best\/https:\/\/www.aufmark.com.tr\/wp-content\/uploads\/2026\/03\/5-1.jpg 1414w, https:\/\/mlvqpq3tsftm.i.optimole.com\/cb:cqvF.b6a\/w:1414\/h:2000\/q:mauto\/f:best\/dpr:2\/https:\/\/www.aufmark.com.tr\/wp-content\/uploads\/2026\/03\/5-1.jpg 2x\" sizes=\"(max-width: 724px) 100vw, 724px\" \/><\/figure>\n\n\n\n<figure class=\"wp-block-video\"><video height=\"1080\" style=\"aspect-ratio: 1920 \/ 1080;\" width=\"1920\" controls src=\"https:\/\/www.aufmark.com.tr\/wp-content\/uploads\/2026\/04\/Full-Yem-ve-Olta-Modeli-1.mp4\"><\/video><\/figure>\n\n\n\n<figure class=\"wp-block-image alignfull size-large\"><img data-opt-id=46601823  fetchpriority=\"high\" decoding=\"async\" width=\"724\" height=\"1024\" src=\"https:\/\/mlvqpq3tsftm.i.optimole.com\/cb:cqvF.b6a\/w:724\/h:1024\/q:mauto\/f:best\/https:\/\/www.aufmark.com.tr\/wp-content\/uploads\/2026\/03\/6-2.jpg\" alt=\"\" class=\"wp-image-504\" srcset=\"https:\/\/mlvqpq3tsftm.i.optimole.com\/cb:cqvF.b6a\/w:724\/h:1024\/q:mauto\/f:best\/https:\/\/www.aufmark.com.tr\/wp-content\/uploads\/2026\/03\/6-2.jpg 724w, https:\/\/mlvqpq3tsftm.i.optimole.com\/cb:cqvF.b6a\/w:212\/h:300\/q:mauto\/f:best\/https:\/\/www.aufmark.com.tr\/wp-content\/uploads\/2026\/03\/6-2.jpg 212w, https:\/\/mlvqpq3tsftm.i.optimole.com\/cb:cqvF.b6a\/w:768\/h:1086\/q:mauto\/f:best\/https:\/\/www.aufmark.com.tr\/wp-content\/uploads\/2026\/03\/6-2.jpg 768w, https:\/\/mlvqpq3tsftm.i.optimole.com\/cb:cqvF.b6a\/w:1086\/h:1536\/q:mauto\/f:best\/https:\/\/www.aufmark.com.tr\/wp-content\/uploads\/2026\/03\/6-2.jpg 1086w, https:\/\/mlvqpq3tsftm.i.optimole.com\/cb:cqvF.b6a\/w:1414\/h:2000\/q:mauto\/f:best\/https:\/\/www.aufmark.com.tr\/wp-content\/uploads\/2026\/03\/6-2.jpg 1414w, https:\/\/mlvqpq3tsftm.i.optimole.com\/cb:cqvF.b6a\/w:1414\/h:2000\/q:mauto\/f:best\/dpr:2\/https:\/\/www.aufmark.com.tr\/wp-content\/uploads\/2026\/03\/6-2.jpg 2x\" sizes=\"(max-width: 724px) 100vw, 724px\" \/><\/figure>\n","protected":false},"excerpt":{"rendered":"","protected":false},"author":1,"featured_media":0,"parent":0,"menu_order":2,"comment_status":"closed","ping_status":"closed","template":"","meta":{"neve_meta_sidebar":"","neve_meta_container":"","neve_meta_enable_content_width":"","neve_meta_content_width":0,"neve_meta_title_alignment":"","neve_meta_author_avatar":"","neve_post_elements_order":"","neve_meta_disable_header":"","neve_meta_disable_footer":"","neve_meta_disable_title":"","footnotes":""},"class_list":["post-376","page","type-page","status-publish","hentry"],"yoast_head":"<!-- This site is optimized with the Yoast SEO plugin v27.3 - https:\/\/yoast.com\/product\/yoast-seo-wordpress\/ -->\n<title>SEKT\u00d6REL PROBLEM &amp; \u00c7\u00d6Z\u00dcM - End\u00fcstriyel Markalama ve Kodlama \u00c7\u00f6z\u00fcmleri<\/title>\n<meta name=\"robots\" content=\"index, follow, max-snippet:-1, max-image-preview:large, max-video-preview:-1\" \/>\n<link rel=\"canonical\" href=\"https:\/\/www.aufmark.com.tr\/?page_id=376\" \/>\n<meta property=\"og:locale\" content=\"tr_TR\" \/>\n<meta property=\"og:type\" content=\"article\" \/>\n<meta property=\"og:title\" content=\"SEKT\u00d6REL PROBLEM &amp; \u00c7\u00d6Z\u00dcM - End\u00fcstriyel Markalama ve Kodlama \u00c7\u00f6z\u00fcmleri\" \/>\n<meta property=\"og:url\" content=\"https:\/\/www.aufmark.com.tr\/?page_id=376\" \/>\n<meta property=\"og:site_name\" content=\"End\u00fcstriyel Markalama ve Kodlama \u00c7\u00f6z\u00fcmleri\" \/>\n<meta property=\"article:modified_time\" content=\"2026-04-02T19:40:09+00:00\" \/>\n<meta property=\"og:image\" content=\"https:\/\/mlvqpq3tsftm.i.optimole.com\/cb:cqvF.b6a\/w:724\/h:1024\/q:mauto\/f:best\/https:\/\/www.aufmark.com.tr\/wp-content\/uploads\/2026\/03\/5-1.jpg\" \/>\n<meta name=\"twitter:card\" content=\"summary_large_image\" \/>\n<meta name=\"twitter:label1\" content=\"Tahmini okuma s\u00fcresi\" \/>\n\t<meta name=\"twitter:data1\" content=\"1 dakika\" \/>\n<script type=\"application\/ld+json\" class=\"yoast-schema-graph\">{\"@context\":\"https:\\\/\\\/schema.org\",\"@graph\":[{\"@type\":\"WebPage\",\"@id\":\"https:\\\/\\\/www.aufmark.com.tr\\\/?page_id=376\",\"url\":\"https:\\\/\\\/www.aufmark.com.tr\\\/?page_id=376\",\"name\":\"SEKT\u00d6REL PROBLEM &amp; \u00c7\u00d6Z\u00dcM - End\u00fcstriyel Markalama ve Kodlama \u00c7\u00f6z\u00fcmleri\",\"isPartOf\":{\"@id\":\"https:\\\/\\\/www.aufmark.com.tr\\\/#website\"},\"primaryImageOfPage\":{\"@id\":\"https:\\\/\\\/www.aufmark.com.tr\\\/?page_id=376#primaryimage\"},\"image\":{\"@id\":\"https:\\\/\\\/www.aufmark.com.tr\\\/?page_id=376#primaryimage\"},\"thumbnailUrl\":\"https:\\/\\/www.aufmark.com.tr\\/wp-content\\/uploads\\/2026\\/03\\/5-1-724x1024.jpg\",\"datePublished\":\"2026-03-12T01:06:15+00:00\",\"dateModified\":\"2026-04-02T19:40:09+00:00\",\"breadcrumb\":{\"@id\":\"https:\\\/\\\/www.aufmark.com.tr\\\/?page_id=376#breadcrumb\"},\"inLanguage\":\"tr\",\"potentialAction\":[{\"@type\":\"ReadAction\",\"target\":[\"https:\\\/\\\/www.aufmark.com.tr\\\/?page_id=376\"]}]},{\"@type\":\"ImageObject\",\"inLanguage\":\"tr\",\"@id\":\"https:\\\/\\\/www.aufmark.com.tr\\\/?page_id=376#primaryimage\",\"url\":\"https:\\/\\/www.aufmark.com.tr\\/wp-content\\/uploads\\/2026\\/03\\/5-1.jpg\",\"contentUrl\":\"https:\\/\\/www.aufmark.com.tr\\/wp-content\\/uploads\\/2026\\/03\\/5-1.jpg\",\"width\":1414,\"height\":2000},{\"@type\":\"BreadcrumbList\",\"@id\":\"https:\\\/\\\/www.aufmark.com.tr\\\/?page_id=376#breadcrumb\",\"itemListElement\":[{\"@type\":\"ListItem\",\"position\":1,\"name\":\"Anasayfa\",\"item\":\"https:\\\/\\\/www.aufmark.com.tr\\\/\"},{\"@type\":\"ListItem\",\"position\":2,\"name\":\"SEKT\u00d6REL PROBLEM &amp; \u00c7\u00d6Z\u00dcM\"}]},{\"@type\":\"WebSite\",\"@id\":\"https:\\\/\\\/www.aufmark.com.tr\\\/#website\",\"url\":\"https:\\\/\\\/www.aufmark.com.tr\\\/\",\"name\":\"Aufmark\",\"description\":\"One stop solution partner\",\"publisher\":{\"@id\":\"https:\\\/\\\/www.aufmark.com.tr\\\/#organization\"},\"potentialAction\":[{\"@type\":\"SearchAction\",\"target\":{\"@type\":\"EntryPoint\",\"urlTemplate\":\"https:\\\/\\\/www.aufmark.com.tr\\\/?s={search_term_string}\"},\"query-input\":{\"@type\":\"PropertyValueSpecification\",\"valueRequired\":true,\"valueName\":\"search_term_string\"}}],\"inLanguage\":\"tr\"},{\"@type\":\"Organization\",\"@id\":\"https:\\\/\\\/www.aufmark.com.tr\\\/#organization\",\"name\":\"Aufmark End\u00fcstriyel \u00c7\u00f6z\u00fcmler\",\"url\":\"https:\\\/\\\/www.aufmark.com.tr\\\/\",\"logo\":{\"@type\":\"ImageObject\",\"inLanguage\":\"tr\",\"@id\":\"https:\\\/\\\/www.aufmark.com.tr\\\/#\\\/schema\\\/logo\\\/image\\\/\",\"url\":\"https:\\/\\/www.aufmark.com.tr\\/wp-content\\/uploads\\/2026\\/02\\/logo-scaled.png\",\"contentUrl\":\"https:\\/\\/www.aufmark.com.tr\\/wp-content\\/uploads\\/2026\\/02\\/logo-scaled.png\",\"width\":2560,\"height\":1440,\"caption\":\"Aufmark End\u00fcstriyel \u00c7\u00f6z\u00fcmler\"},\"image\":{\"@id\":\"https:\\\/\\\/www.aufmark.com.tr\\\/#\\\/schema\\\/logo\\\/image\\\/\"},\"sameAs\":[\"https:\\\/\\\/www.linkedin.com\\\/in\\\/isaugurfidanci3149\\\/?locale=en-US\"]}]}<\/script>\n<!-- \/ Yoast SEO plugin. -->","yoast_head_json":{"title":"SEKT\u00d6REL PROBLEM &amp; \u00c7\u00d6Z\u00dcM - End\u00fcstriyel Markalama ve Kodlama \u00c7\u00f6z\u00fcmleri","robots":{"index":"index","follow":"follow","max-snippet":"max-snippet:-1","max-image-preview":"max-image-preview:large","max-video-preview":"max-video-preview:-1"},"canonical":"https:\/\/www.aufmark.com.tr\/?page_id=376","og_locale":"tr_TR","og_type":"article","og_title":"SEKT\u00d6REL PROBLEM &amp; \u00c7\u00d6Z\u00dcM - End\u00fcstriyel Markalama ve Kodlama \u00c7\u00f6z\u00fcmleri","og_url":"https:\/\/www.aufmark.com.tr\/?page_id=376","og_site_name":"End\u00fcstriyel Markalama ve Kodlama \u00c7\u00f6z\u00fcmleri","article_modified_time":"2026-04-02T19:40:09+00:00","og_image":[{"url":"https:\/\/mlvqpq3tsftm.i.optimole.com\/cb:cqvF.b6a\/w:724\/h:1024\/q:mauto\/f:best\/https:\/\/www.aufmark.com.tr\/wp-content\/uploads\/2026\/03\/5-1.jpg","type":"","width":"","height":""}],"twitter_card":"summary_large_image","twitter_misc":{"Tahmini okuma s\u00fcresi":"1 dakika"},"schema":{"@context":"https:\/\/schema.org","@graph":[{"@type":"WebPage","@id":"https:\/\/www.aufmark.com.tr\/?page_id=376","url":"https:\/\/www.aufmark.com.tr\/?page_id=376","name":"SEKT\u00d6REL PROBLEM &amp; \u00c7\u00d6Z\u00dcM - End\u00fcstriyel Markalama ve Kodlama \u00c7\u00f6z\u00fcmleri","isPartOf":{"@id":"https:\/\/www.aufmark.com.tr\/#website"},"primaryImageOfPage":{"@id":"https:\/\/www.aufmark.com.tr\/?page_id=376#primaryimage"},"image":{"@id":"https:\/\/www.aufmark.com.tr\/?page_id=376#primaryimage"},"thumbnailUrl":"https:\/\/mlvqpq3tsftm.i.optimole.com\/cb:cqvF.b6a\/w:724\/h:1024\/q:mauto\/f:best\/https:\/\/www.aufmark.com.tr\/wp-content\/uploads\/2026\/03\/5-1.jpg","datePublished":"2026-03-12T01:06:15+00:00","dateModified":"2026-04-02T19:40:09+00:00","breadcrumb":{"@id":"https:\/\/www.aufmark.com.tr\/?page_id=376#breadcrumb"},"inLanguage":"tr","potentialAction":[{"@type":"ReadAction","target":["https:\/\/www.aufmark.com.tr\/?page_id=376"]}]},{"@type":"ImageObject","inLanguage":"tr","@id":"https:\/\/www.aufmark.com.tr\/?page_id=376#primaryimage","url":"https:\/\/mlvqpq3tsftm.i.optimole.com\/cb:cqvF.b6a\/w:auto\/h:auto\/q:mauto\/f:best\/https:\/\/www.aufmark.com.tr\/wp-content\/uploads\/2026\/03\/5-1.jpg","contentUrl":"https:\/\/mlvqpq3tsftm.i.optimole.com\/cb:cqvF.b6a\/w:auto\/h:auto\/q:mauto\/f:best\/https:\/\/www.aufmark.com.tr\/wp-content\/uploads\/2026\/03\/5-1.jpg","width":1414,"height":2000},{"@type":"BreadcrumbList","@id":"https:\/\/www.aufmark.com.tr\/?page_id=376#breadcrumb","itemListElement":[{"@type":"ListItem","position":1,"name":"Anasayfa","item":"https:\/\/www.aufmark.com.tr\/"},{"@type":"ListItem","position":2,"name":"SEKT\u00d6REL PROBLEM &amp; \u00c7\u00d6Z\u00dcM"}]},{"@type":"WebSite","@id":"https:\/\/www.aufmark.com.tr\/#website","url":"https:\/\/www.aufmark.com.tr\/","name":"Aufmark","description":"One stop solution partner","publisher":{"@id":"https:\/\/www.aufmark.com.tr\/#organization"},"potentialAction":[{"@type":"SearchAction","target":{"@type":"EntryPoint","urlTemplate":"https:\/\/www.aufmark.com.tr\/?s={search_term_string}"},"query-input":{"@type":"PropertyValueSpecification","valueRequired":true,"valueName":"search_term_string"}}],"inLanguage":"tr"},{"@type":"Organization","@id":"https:\/\/www.aufmark.com.tr\/#organization","name":"Aufmark End\u00fcstriyel \u00c7\u00f6z\u00fcmler","url":"https:\/\/www.aufmark.com.tr\/","logo":{"@type":"ImageObject","inLanguage":"tr","@id":"https:\/\/www.aufmark.com.tr\/#\/schema\/logo\/image\/","url":"https:\/\/mlvqpq3tsftm.i.optimole.com\/cb:cqvF.b6a\/w:auto\/h:auto\/q:mauto\/f:best\/https:\/\/www.aufmark.com.tr\/wp-content\/uploads\/2026\/02\/logo-scaled.png","contentUrl":"https:\/\/mlvqpq3tsftm.i.optimole.com\/cb:cqvF.b6a\/w:auto\/h:auto\/q:mauto\/f:best\/https:\/\/www.aufmark.com.tr\/wp-content\/uploads\/2026\/02\/logo-scaled.png","width":2560,"height":1440,"caption":"Aufmark End\u00fcstriyel \u00c7\u00f6z\u00fcmler"},"image":{"@id":"https:\/\/www.aufmark.com.tr\/#\/schema\/logo\/image\/"},"sameAs":["https:\/\/www.linkedin.com\/in\/isaugurfidanci3149\/?locale=en-US"]}]}},"_links":{"self":[{"href":"https:\/\/www.aufmark.com.tr\/index.php?rest_route=\/wp\/v2\/pages\/376","targetHints":{"allow":["GET"]}}],"collection":[{"href":"https:\/\/www.aufmark.com.tr\/index.php?rest_route=\/wp\/v2\/pages"}],"about":[{"href":"https:\/\/www.aufmark.com.tr\/index.php?rest_route=\/wp\/v2\/types\/page"}],"author":[{"embeddable":true,"href":"https:\/\/www.aufmark.com.tr\/index.php?rest_route=\/wp\/v2\/users\/1"}],"replies":[{"embeddable":true,"href":"https:\/\/www.aufmark.com.tr\/index.php?rest_route=%2Fwp%2Fv2%2Fcomments&post=376"}],"version-history":[{"count":16,"href":"https:\/\/www.aufmark.com.tr\/index.php?rest_route=\/wp\/v2\/pages\/376\/revisions"}],"predecessor-version":[{"id":603,"href":"https:\/\/www.aufmark.com.tr\/index.php?rest_route=\/wp\/v2\/pages\/376\/revisions\/603"}],"wp:attachment":[{"href":"https:\/\/www.aufmark.com.tr\/index.php?rest_route=%2Fwp%2Fv2%2Fmedia&parent=376"}],"curies":[{"name":"wp","href":"https:\/\/api.w.org\/{rel}","templated":true}]}}