{"id":356,"date":"2026-03-12T01:41:25","date_gmt":"2026-03-11T22:41:25","guid":{"rendered":"http:\/\/www.aufmark.com.tr\/?page_id=356"},"modified":"2026-04-02T17:00:25","modified_gmt":"2026-04-02T14:00:25","slug":"hizmet-urunler-genel-bakis","status":"publish","type":"page","link":"https:\/\/www.aufmark.com.tr\/?page_id=356","title":{"rendered":"H\u0130ZMET &amp; \u00dcR\u00dcNLER"},"content":{"rendered":"\n<ul class=\"wp-block-list\">\n<li>BAKIM ANLA\u015eMALARI   <\/li>\n\n\n\n<li>YEDEK PAR\u00c7ALAR<\/li>\n\n\n\n<li>SARF MALZEMELER<\/li>\n\n\n\n<li>EK\u0130PMAN<\/li>\n<\/ul>\n\n\n\n<figure class=\"wp-block-image alignfull size-large\"><img data-opt-id=498027387  fetchpriority=\"high\" decoding=\"async\" width=\"724\" height=\"1024\" src=\"https:\/\/mlvqpq3tsftm.i.optimole.com\/cb:cqvF.b6a\/w:724\/h:1024\/q:mauto\/f:best\/https:\/\/www.aufmark.com.tr\/wp-content\/uploads\/2026\/03\/7.png\" alt=\"\" class=\"wp-image-511\" srcset=\"https:\/\/mlvqpq3tsftm.i.optimole.com\/cb:cqvF.b6a\/w:724\/h:1024\/q:mauto\/f:best\/https:\/\/www.aufmark.com.tr\/wp-content\/uploads\/2026\/03\/7.png 724w, https:\/\/mlvqpq3tsftm.i.optimole.com\/cb:cqvF.b6a\/w:212\/h:300\/q:mauto\/f:best\/https:\/\/www.aufmark.com.tr\/wp-content\/uploads\/2026\/03\/7.png 212w, https:\/\/mlvqpq3tsftm.i.optimole.com\/cb:cqvF.b6a\/w:768\/h:1086\/q:mauto\/f:best\/https:\/\/www.aufmark.com.tr\/wp-content\/uploads\/2026\/03\/7.png 768w, https:\/\/mlvqpq3tsftm.i.optimole.com\/cb:cqvF.b6a\/w:1086\/h:1536\/q:mauto\/f:best\/https:\/\/www.aufmark.com.tr\/wp-content\/uploads\/2026\/03\/7.png 1086w, https:\/\/mlvqpq3tsftm.i.optimole.com\/cb:cqvF.b6a\/w:1414\/h:2000\/q:mauto\/f:best\/https:\/\/www.aufmark.com.tr\/wp-content\/uploads\/2026\/03\/7.png 1414w, https:\/\/mlvqpq3tsftm.i.optimole.com\/cb:cqvF.b6a\/w:1414\/h:2000\/q:mauto\/f:best\/dpr:2\/https:\/\/www.aufmark.com.tr\/wp-content\/uploads\/2026\/03\/7.png 2x\" sizes=\"(max-width: 724px) 100vw, 724px\" \/><\/figure>\n\n\n\n<figure class=\"wp-block-image alignfull size-large\"><img data-opt-id=1260471747  fetchpriority=\"high\" decoding=\"async\" width=\"724\" height=\"1024\" src=\"https:\/\/mlvqpq3tsftm.i.optimole.com\/cb:cqvF.b6a\/w:724\/h:1024\/q:mauto\/f:best\/https:\/\/www.aufmark.com.tr\/wp-content\/uploads\/2026\/03\/8-1.jpg\" alt=\"\" class=\"wp-image-512\" srcset=\"https:\/\/mlvqpq3tsftm.i.optimole.com\/cb:cqvF.b6a\/w:724\/h:1024\/q:mauto\/f:best\/https:\/\/www.aufmark.com.tr\/wp-content\/uploads\/2026\/03\/8-1.jpg 724w, https:\/\/mlvqpq3tsftm.i.optimole.com\/cb:cqvF.b6a\/w:212\/h:300\/q:mauto\/f:best\/https:\/\/www.aufmark.com.tr\/wp-content\/uploads\/2026\/03\/8-1.jpg 212w, https:\/\/mlvqpq3tsftm.i.optimole.com\/cb:cqvF.b6a\/w:768\/h:1086\/q:mauto\/f:best\/https:\/\/www.aufmark.com.tr\/wp-content\/uploads\/2026\/03\/8-1.jpg 768w, https:\/\/mlvqpq3tsftm.i.optimole.com\/cb:cqvF.b6a\/w:1086\/h:1536\/q:mauto\/f:best\/https:\/\/www.aufmark.com.tr\/wp-content\/uploads\/2026\/03\/8-1.jpg 1086w, https:\/\/mlvqpq3tsftm.i.optimole.com\/cb:cqvF.b6a\/w:1414\/h:2000\/q:mauto\/f:best\/https:\/\/www.aufmark.com.tr\/wp-content\/uploads\/2026\/03\/8-1.jpg 1414w, https:\/\/mlvqpq3tsftm.i.optimole.com\/cb:cqvF.b6a\/w:1414\/h:2000\/q:mauto\/f:best\/dpr:2\/https:\/\/www.aufmark.com.tr\/wp-content\/uploads\/2026\/03\/8-1.jpg 2x\" sizes=\"(max-width: 724px) 100vw, 724px\" \/><\/figure>\n\n\n\n<figure class=\"wp-block-image alignfull size-large\"><img data-opt-id=381527376  data-opt-src=\"https:\/\/mlvqpq3tsftm.i.optimole.com\/cb:cqvF.b6a\/w:724\/h:1024\/q:mauto\/f:best\/https:\/\/www.aufmark.com.tr\/wp-content\/uploads\/2026\/03\/9-1.jpg\"  decoding=\"async\" width=\"724\" height=\"1024\" src=\"data:image/svg+xml,%3Csvg%20viewBox%3D%220%200%20724%201024%22%20width%3D%22724%22%20height%3D%221024%22%20xmlns%3D%22http%3A%2F%2Fwww.w3.org%2F2000%2Fsvg%22%3E%3Crect%20width%3D%22724%22%20height%3D%221024%22%20fill%3D%22transparent%22%2F%3E%3C%2Fsvg%3E\" alt=\"\" class=\"wp-image-513\" old-srcset=\"https:\/\/mlvqpq3tsftm.i.optimole.com\/cb:cqvF.b6a\/w:724\/h:1024\/q:mauto\/f:best\/https:\/\/www.aufmark.com.tr\/wp-content\/uploads\/2026\/03\/9-1.jpg 724w, https:\/\/mlvqpq3tsftm.i.optimole.com\/cb:cqvF.b6a\/w:212\/h:300\/q:mauto\/f:best\/https:\/\/www.aufmark.com.tr\/wp-content\/uploads\/2026\/03\/9-1.jpg 212w, https:\/\/mlvqpq3tsftm.i.optimole.com\/cb:cqvF.b6a\/w:768\/h:1086\/q:mauto\/f:best\/https:\/\/www.aufmark.com.tr\/wp-content\/uploads\/2026\/03\/9-1.jpg 768w, https:\/\/mlvqpq3tsftm.i.optimole.com\/cb:cqvF.b6a\/w:1086\/h:1536\/q:mauto\/f:best\/https:\/\/www.aufmark.com.tr\/wp-content\/uploads\/2026\/03\/9-1.jpg 1086w, https:\/\/mlvqpq3tsftm.i.optimole.com\/cb:cqvF.b6a\/w:1414\/h:2000\/q:mauto\/f:best\/https:\/\/www.aufmark.com.tr\/wp-content\/uploads\/2026\/03\/9-1.jpg 1414w, https:\/\/mlvqpq3tsftm.i.optimole.com\/cb:cqvF.b6a\/w:1414\/h:2000\/q:mauto\/f:best\/dpr:2\/https:\/\/www.aufmark.com.tr\/wp-content\/uploads\/2026\/03\/9-1.jpg 2x\" \/><\/figure>\n\n\n\n<figure class=\"wp-block-image alignfull size-large\"><img data-opt-id=1311956313  data-opt-src=\"https:\/\/mlvqpq3tsftm.i.optimole.com\/cb:cqvF.b6a\/w:724\/h:1024\/q:mauto\/f:best\/https:\/\/www.aufmark.com.tr\/wp-content\/uploads\/2026\/03\/10-1.jpg\"  loading=\"lazy\" decoding=\"async\" width=\"724\" height=\"1024\" src=\"data:image/svg+xml,%3Csvg%20viewBox%3D%220%200%20724%201024%22%20width%3D%22724%22%20height%3D%221024%22%20xmlns%3D%22http%3A%2F%2Fwww.w3.org%2F2000%2Fsvg%22%3E%3Crect%20width%3D%22724%22%20height%3D%221024%22%20fill%3D%22transparent%22%2F%3E%3C%2Fsvg%3E\" alt=\"\" class=\"wp-image-514\" old-srcset=\"https:\/\/mlvqpq3tsftm.i.optimole.com\/cb:cqvF.b6a\/w:724\/h:1024\/q:mauto\/f:best\/https:\/\/www.aufmark.com.tr\/wp-content\/uploads\/2026\/03\/10-1.jpg 724w, https:\/\/mlvqpq3tsftm.i.optimole.com\/cb:cqvF.b6a\/w:212\/h:300\/q:mauto\/f:best\/https:\/\/www.aufmark.com.tr\/wp-content\/uploads\/2026\/03\/10-1.jpg 212w, https:\/\/mlvqpq3tsftm.i.optimole.com\/cb:cqvF.b6a\/w:768\/h:1086\/q:mauto\/f:best\/https:\/\/www.aufmark.com.tr\/wp-content\/uploads\/2026\/03\/10-1.jpg 768w, https:\/\/mlvqpq3tsftm.i.optimole.com\/cb:cqvF.b6a\/w:1086\/h:1536\/q:mauto\/f:best\/https:\/\/www.aufmark.com.tr\/wp-content\/uploads\/2026\/03\/10-1.jpg 1086w, https:\/\/mlvqpq3tsftm.i.optimole.com\/cb:cqvF.b6a\/w:1414\/h:2000\/q:mauto\/f:best\/https:\/\/www.aufmark.com.tr\/wp-content\/uploads\/2026\/03\/10-1.jpg 1414w, https:\/\/mlvqpq3tsftm.i.optimole.com\/cb:cqvF.b6a\/w:1414\/h:2000\/q:mauto\/f:best\/dpr:2\/https:\/\/www.aufmark.com.tr\/wp-content\/uploads\/2026\/03\/10-1.jpg 2x\" \/><\/figure>\n\n\n\n<figure class=\"wp-block-image alignfull size-large\"><img data-opt-id=54141932  data-opt-src=\"https:\/\/mlvqpq3tsftm.i.optimole.com\/cb:cqvF.b6a\/w:724\/h:1024\/q:mauto\/f:best\/https:\/\/www.aufmark.com.tr\/wp-content\/uploads\/2026\/03\/11-1.jpg\"  loading=\"lazy\" decoding=\"async\" width=\"724\" height=\"1024\" src=\"data:image/svg+xml,%3Csvg%20viewBox%3D%220%200%20724%201024%22%20width%3D%22724%22%20height%3D%221024%22%20xmlns%3D%22http%3A%2F%2Fwww.w3.org%2F2000%2Fsvg%22%3E%3Crect%20width%3D%22724%22%20height%3D%221024%22%20fill%3D%22transparent%22%2F%3E%3C%2Fsvg%3E\" alt=\"\" class=\"wp-image-515\" old-srcset=\"https:\/\/mlvqpq3tsftm.i.optimole.com\/cb:cqvF.b6a\/w:724\/h:1024\/q:mauto\/f:best\/https:\/\/www.aufmark.com.tr\/wp-content\/uploads\/2026\/03\/11-1.jpg 724w, https:\/\/mlvqpq3tsftm.i.optimole.com\/cb:cqvF.b6a\/w:212\/h:300\/q:mauto\/f:best\/https:\/\/www.aufmark.com.tr\/wp-content\/uploads\/2026\/03\/11-1.jpg 212w, https:\/\/mlvqpq3tsftm.i.optimole.com\/cb:cqvF.b6a\/w:768\/h:1086\/q:mauto\/f:best\/https:\/\/www.aufmark.com.tr\/wp-content\/uploads\/2026\/03\/11-1.jpg 768w, https:\/\/mlvqpq3tsftm.i.optimole.com\/cb:cqvF.b6a\/w:1086\/h:1536\/q:mauto\/f:best\/https:\/\/www.aufmark.com.tr\/wp-content\/uploads\/2026\/03\/11-1.jpg 1086w, https:\/\/mlvqpq3tsftm.i.optimole.com\/cb:cqvF.b6a\/w:1414\/h:2000\/q:mauto\/f:best\/https:\/\/www.aufmark.com.tr\/wp-content\/uploads\/2026\/03\/11-1.jpg 1414w, https:\/\/mlvqpq3tsftm.i.optimole.com\/cb:cqvF.b6a\/w:1414\/h:2000\/q:mauto\/f:best\/dpr:2\/https:\/\/www.aufmark.com.tr\/wp-content\/uploads\/2026\/03\/11-1.jpg 2x\" \/><\/figure>\n","protected":false},"excerpt":{"rendered":"","protected":false},"author":1,"featured_media":0,"parent":0,"menu_order":3,"comment_status":"closed","ping_status":"closed","template":"","meta":{"neve_meta_sidebar":"","neve_meta_container":"","neve_meta_enable_content_width":"","neve_meta_content_width":0,"neve_meta_title_alignment":"","neve_meta_author_avatar":"","neve_post_elements_order":"","neve_meta_disable_header":"","neve_meta_disable_footer":"","neve_meta_disable_title":"","footnotes":""},"class_list":["post-356","page","type-page","status-publish","hentry"],"yoast_head":"<!-- This site is optimized with the Yoast SEO plugin v27.3 - https:\/\/yoast.com\/product\/yoast-seo-wordpress\/ -->\n<title>H\u0130ZMET &amp; \u00dcR\u00dcNLER - End\u00fcstriyel Markalama ve Kodlama \u00c7\u00f6z\u00fcmleri<\/title>\n<meta name=\"robots\" content=\"index, follow, max-snippet:-1, max-image-preview:large, max-video-preview:-1\" \/>\n<link rel=\"canonical\" href=\"https:\/\/www.aufmark.com.tr\/?page_id=356\" \/>\n<meta property=\"og:locale\" content=\"tr_TR\" \/>\n<meta property=\"og:type\" content=\"article\" \/>\n<meta property=\"og:title\" content=\"H\u0130ZMET &amp; \u00dcR\u00dcNLER - End\u00fcstriyel Markalama ve Kodlama \u00c7\u00f6z\u00fcmleri\" \/>\n<meta property=\"og:url\" content=\"https:\/\/www.aufmark.com.tr\/?page_id=356\" \/>\n<meta property=\"og:site_name\" content=\"End\u00fcstriyel Markalama ve Kodlama \u00c7\u00f6z\u00fcmleri\" \/>\n<meta property=\"article:modified_time\" content=\"2026-04-02T14:00:25+00:00\" \/>\n<meta property=\"og:image\" content=\"https:\/\/mlvqpq3tsftm.i.optimole.com\/cb:cqvF.b6a\/w:724\/h:1024\/q:mauto\/f:best\/https:\/\/www.aufmark.com.tr\/wp-content\/uploads\/2026\/03\/7.png\" \/>\n<meta name=\"twitter:card\" content=\"summary_large_image\" \/>\n<meta name=\"twitter:label1\" content=\"Tahmini okuma s\u00fcresi\" \/>\n\t<meta name=\"twitter:data1\" content=\"2 dakika\" \/>\n<script type=\"application\/ld+json\" class=\"yoast-schema-graph\">{\"@context\":\"https:\\\/\\\/schema.org\",\"@graph\":[{\"@type\":\"WebPage\",\"@id\":\"https:\\\/\\\/www.aufmark.com.tr\\\/?page_id=356\",\"url\":\"https:\\\/\\\/www.aufmark.com.tr\\\/?page_id=356\",\"name\":\"H\u0130ZMET &amp; \u00dcR\u00dcNLER - End\u00fcstriyel Markalama ve Kodlama \u00c7\u00f6z\u00fcmleri\",\"isPartOf\":{\"@id\":\"https:\\\/\\\/www.aufmark.com.tr\\\/#website\"},\"primaryImageOfPage\":{\"@id\":\"https:\\\/\\\/www.aufmark.com.tr\\\/?page_id=356#primaryimage\"},\"image\":{\"@id\":\"https:\\\/\\\/www.aufmark.com.tr\\\/?page_id=356#primaryimage\"},\"thumbnailUrl\":\"https:\\/\\/www.aufmark.com.tr\\/wp-content\\/uploads\\/2026\\/03\\/7-724x1024.png\",\"datePublished\":\"2026-03-11T22:41:25+00:00\",\"dateModified\":\"2026-04-02T14:00:25+00:00\",\"breadcrumb\":{\"@id\":\"https:\\\/\\\/www.aufmark.com.tr\\\/?page_id=356#breadcrumb\"},\"inLanguage\":\"tr\",\"potentialAction\":[{\"@type\":\"ReadAction\",\"target\":[\"https:\\\/\\\/www.aufmark.com.tr\\\/?page_id=356\"]}]},{\"@type\":\"ImageObject\",\"inLanguage\":\"tr\",\"@id\":\"https:\\\/\\\/www.aufmark.com.tr\\\/?page_id=356#primaryimage\",\"url\":\"https:\\/\\/www.aufmark.com.tr\\/wp-content\\/uploads\\/2026\\/03\\/7.png\",\"contentUrl\":\"https:\\/\\/www.aufmark.com.tr\\/wp-content\\/uploads\\/2026\\/03\\/7.png\",\"width\":1414,\"height\":2000},{\"@type\":\"BreadcrumbList\",\"@id\":\"https:\\\/\\\/www.aufmark.com.tr\\\/?page_id=356#breadcrumb\",\"itemListElement\":[{\"@type\":\"ListItem\",\"position\":1,\"name\":\"Anasayfa\",\"item\":\"https:\\\/\\\/www.aufmark.com.tr\\\/\"},{\"@type\":\"ListItem\",\"position\":2,\"name\":\"H\u0130ZMET &amp; \u00dcR\u00dcNLER\"}]},{\"@type\":\"WebSite\",\"@id\":\"https:\\\/\\\/www.aufmark.com.tr\\\/#website\",\"url\":\"https:\\\/\\\/www.aufmark.com.tr\\\/\",\"name\":\"Aufmark\",\"description\":\"One stop solution partner\",\"publisher\":{\"@id\":\"https:\\\/\\\/www.aufmark.com.tr\\\/#organization\"},\"potentialAction\":[{\"@type\":\"SearchAction\",\"target\":{\"@type\":\"EntryPoint\",\"urlTemplate\":\"https:\\\/\\\/www.aufmark.com.tr\\\/?s={search_term_string}\"},\"query-input\":{\"@type\":\"PropertyValueSpecification\",\"valueRequired\":true,\"valueName\":\"search_term_string\"}}],\"inLanguage\":\"tr\"},{\"@type\":\"Organization\",\"@id\":\"https:\\\/\\\/www.aufmark.com.tr\\\/#organization\",\"name\":\"Aufmark End\u00fcstriyel \u00c7\u00f6z\u00fcmler\",\"url\":\"https:\\\/\\\/www.aufmark.com.tr\\\/\",\"logo\":{\"@type\":\"ImageObject\",\"inLanguage\":\"tr\",\"@id\":\"https:\\\/\\\/www.aufmark.com.tr\\\/#\\\/schema\\\/logo\\\/image\\\/\",\"url\":\"https:\\/\\/www.aufmark.com.tr\\/wp-content\\/uploads\\/2026\\/02\\/logo-scaled.png\",\"contentUrl\":\"https:\\/\\/www.aufmark.com.tr\\/wp-content\\/uploads\\/2026\\/02\\/logo-scaled.png\",\"width\":2560,\"height\":1440,\"caption\":\"Aufmark End\u00fcstriyel \u00c7\u00f6z\u00fcmler\"},\"image\":{\"@id\":\"https:\\\/\\\/www.aufmark.com.tr\\\/#\\\/schema\\\/logo\\\/image\\\/\"},\"sameAs\":[\"https:\\\/\\\/www.linkedin.com\\\/in\\\/isaugurfidanci3149\\\/?locale=en-US\"]}]}<\/script>\n<!-- \/ Yoast SEO plugin. -->","yoast_head_json":{"title":"H\u0130ZMET &amp; \u00dcR\u00dcNLER - End\u00fcstriyel Markalama ve Kodlama \u00c7\u00f6z\u00fcmleri","robots":{"index":"index","follow":"follow","max-snippet":"max-snippet:-1","max-image-preview":"max-image-preview:large","max-video-preview":"max-video-preview:-1"},"canonical":"https:\/\/www.aufmark.com.tr\/?page_id=356","og_locale":"tr_TR","og_type":"article","og_title":"H\u0130ZMET &amp; \u00dcR\u00dcNLER - End\u00fcstriyel Markalama ve Kodlama \u00c7\u00f6z\u00fcmleri","og_url":"https:\/\/www.aufmark.com.tr\/?page_id=356","og_site_name":"End\u00fcstriyel Markalama ve Kodlama \u00c7\u00f6z\u00fcmleri","article_modified_time":"2026-04-02T14:00:25+00:00","og_image":[{"url":"https:\/\/mlvqpq3tsftm.i.optimole.com\/cb:cqvF.b6a\/w:724\/h:1024\/q:mauto\/f:best\/https:\/\/www.aufmark.com.tr\/wp-content\/uploads\/2026\/03\/7.png","type":"","width":"","height":""}],"twitter_card":"summary_large_image","twitter_misc":{"Tahmini okuma s\u00fcresi":"2 dakika"},"schema":{"@context":"https:\/\/schema.org","@graph":[{"@type":"WebPage","@id":"https:\/\/www.aufmark.com.tr\/?page_id=356","url":"https:\/\/www.aufmark.com.tr\/?page_id=356","name":"H\u0130ZMET &amp; \u00dcR\u00dcNLER - End\u00fcstriyel Markalama ve Kodlama \u00c7\u00f6z\u00fcmleri","isPartOf":{"@id":"https:\/\/www.aufmark.com.tr\/#website"},"primaryImageOfPage":{"@id":"https:\/\/www.aufmark.com.tr\/?page_id=356#primaryimage"},"image":{"@id":"https:\/\/www.aufmark.com.tr\/?page_id=356#primaryimage"},"thumbnailUrl":"https:\/\/mlvqpq3tsftm.i.optimole.com\/cb:cqvF.b6a\/w:724\/h:1024\/q:mauto\/f:best\/https:\/\/www.aufmark.com.tr\/wp-content\/uploads\/2026\/03\/7.png","datePublished":"2026-03-11T22:41:25+00:00","dateModified":"2026-04-02T14:00:25+00:00","breadcrumb":{"@id":"https:\/\/www.aufmark.com.tr\/?page_id=356#breadcrumb"},"inLanguage":"tr","potentialAction":[{"@type":"ReadAction","target":["https:\/\/www.aufmark.com.tr\/?page_id=356"]}]},{"@type":"ImageObject","inLanguage":"tr","@id":"https:\/\/www.aufmark.com.tr\/?page_id=356#primaryimage","url":"https:\/\/mlvqpq3tsftm.i.optimole.com\/cb:cqvF.b6a\/w:auto\/h:auto\/q:mauto\/f:best\/https:\/\/www.aufmark.com.tr\/wp-content\/uploads\/2026\/03\/7.png","contentUrl":"https:\/\/mlvqpq3tsftm.i.optimole.com\/cb:cqvF.b6a\/w:auto\/h:auto\/q:mauto\/f:best\/https:\/\/www.aufmark.com.tr\/wp-content\/uploads\/2026\/03\/7.png","width":1414,"height":2000},{"@type":"BreadcrumbList","@id":"https:\/\/www.aufmark.com.tr\/?page_id=356#breadcrumb","itemListElement":[{"@type":"ListItem","position":1,"name":"Anasayfa","item":"https:\/\/www.aufmark.com.tr\/"},{"@type":"ListItem","position":2,"name":"H\u0130ZMET &amp; \u00dcR\u00dcNLER"}]},{"@type":"WebSite","@id":"https:\/\/www.aufmark.com.tr\/#website","url":"https:\/\/www.aufmark.com.tr\/","name":"Aufmark","description":"One stop solution partner","publisher":{"@id":"https:\/\/www.aufmark.com.tr\/#organization"},"potentialAction":[{"@type":"SearchAction","target":{"@type":"EntryPoint","urlTemplate":"https:\/\/www.aufmark.com.tr\/?s={search_term_string}"},"query-input":{"@type":"PropertyValueSpecification","valueRequired":true,"valueName":"search_term_string"}}],"inLanguage":"tr"},{"@type":"Organization","@id":"https:\/\/www.aufmark.com.tr\/#organization","name":"Aufmark End\u00fcstriyel \u00c7\u00f6z\u00fcmler","url":"https:\/\/www.aufmark.com.tr\/","logo":{"@type":"ImageObject","inLanguage":"tr","@id":"https:\/\/www.aufmark.com.tr\/#\/schema\/logo\/image\/","url":"https:\/\/mlvqpq3tsftm.i.optimole.com\/cb:cqvF.b6a\/w:auto\/h:auto\/q:mauto\/f:best\/https:\/\/www.aufmark.com.tr\/wp-content\/uploads\/2026\/02\/logo-scaled.png","contentUrl":"https:\/\/mlvqpq3tsftm.i.optimole.com\/cb:cqvF.b6a\/w:auto\/h:auto\/q:mauto\/f:best\/https:\/\/www.aufmark.com.tr\/wp-content\/uploads\/2026\/02\/logo-scaled.png","width":2560,"height":1440,"caption":"Aufmark End\u00fcstriyel \u00c7\u00f6z\u00fcmler"},"image":{"@id":"https:\/\/www.aufmark.com.tr\/#\/schema\/logo\/image\/"},"sameAs":["https:\/\/www.linkedin.com\/in\/isaugurfidanci3149\/?locale=en-US"]}]}},"_links":{"self":[{"href":"https:\/\/www.aufmark.com.tr\/index.php?rest_route=\/wp\/v2\/pages\/356","targetHints":{"allow":["GET"]}}],"collection":[{"href":"https:\/\/www.aufmark.com.tr\/index.php?rest_route=\/wp\/v2\/pages"}],"about":[{"href":"https:\/\/www.aufmark.com.tr\/index.php?rest_route=\/wp\/v2\/types\/page"}],"author":[{"embeddable":true,"href":"https:\/\/www.aufmark.com.tr\/index.php?rest_route=\/wp\/v2\/users\/1"}],"replies":[{"embeddable":true,"href":"https:\/\/www.aufmark.com.tr\/index.php?rest_route=%2Fwp%2Fv2%2Fcomments&post=356"}],"version-history":[{"count":9,"href":"https:\/\/www.aufmark.com.tr\/index.php?rest_route=\/wp\/v2\/pages\/356\/revisions"}],"predecessor-version":[{"id":516,"href":"https:\/\/www.aufmark.com.tr\/index.php?rest_route=\/wp\/v2\/pages\/356\/revisions\/516"}],"wp:attachment":[{"href":"https:\/\/www.aufmark.com.tr\/index.php?rest_route=%2Fwp%2Fv2%2Fmedia&parent=356"}],"curies":[{"name":"wp","href":"https:\/\/api.w.org\/{rel}","templated":true}]}}