{"id":269,"date":"2026-03-04T23:19:48","date_gmt":"2026-03-04T23:19:48","guid":{"rendered":"http:\/\/www.aufmark.com.tr\/?page_id=269"},"modified":"2026-04-02T22:15:13","modified_gmt":"2026-04-02T19:15:13","slug":"aufmark","status":"publish","type":"page","link":"https:\/\/www.aufmark.com.tr\/","title":{"rendered":"HAKKIMIZDA"},"content":{"rendered":"<div class=\"wp-block-image\">\n<figure class=\"aligncenter size-large\"><img data-opt-id=1392080114  fetchpriority=\"high\" decoding=\"async\" width=\"724\" height=\"1024\" src=\"https:\/\/mlvqpq3tsftm.i.optimole.com\/cb:cqvF.b6a\/w:724\/h:1024\/q:mauto\/f:best\/https:\/\/www.aufmark.com.tr\/wp-content\/uploads\/2026\/03\/1-3.jpg\" alt=\"\" class=\"wp-image-470\" srcset=\"https:\/\/mlvqpq3tsftm.i.optimole.com\/cb:cqvF.b6a\/w:724\/h:1024\/q:mauto\/f:best\/https:\/\/www.aufmark.com.tr\/wp-content\/uploads\/2026\/03\/1-3.jpg 724w, https:\/\/mlvqpq3tsftm.i.optimole.com\/cb:cqvF.b6a\/w:212\/h:300\/q:mauto\/f:best\/https:\/\/www.aufmark.com.tr\/wp-content\/uploads\/2026\/03\/1-3.jpg 212w, https:\/\/mlvqpq3tsftm.i.optimole.com\/cb:cqvF.b6a\/w:768\/h:1086\/q:mauto\/f:best\/https:\/\/www.aufmark.com.tr\/wp-content\/uploads\/2026\/03\/1-3.jpg 768w, https:\/\/mlvqpq3tsftm.i.optimole.com\/cb:cqvF.b6a\/w:1086\/h:1536\/q:mauto\/f:best\/https:\/\/www.aufmark.com.tr\/wp-content\/uploads\/2026\/03\/1-3.jpg 1086w, https:\/\/mlvqpq3tsftm.i.optimole.com\/cb:cqvF.b6a\/w:1414\/h:2000\/q:mauto\/f:best\/https:\/\/www.aufmark.com.tr\/wp-content\/uploads\/2026\/03\/1-3.jpg 1414w, https:\/\/mlvqpq3tsftm.i.optimole.com\/cb:cqvF.b6a\/w:1414\/h:2000\/q:mauto\/f:best\/dpr:2\/https:\/\/www.aufmark.com.tr\/wp-content\/uploads\/2026\/03\/1-3.jpg 2x\" sizes=\"(max-width: 724px) 100vw, 724px\" \/><\/figure>\n<\/div>\n\n<div class=\"wp-block-image\">\n<figure class=\"aligncenter size-large\"><img data-opt-id=1496746013  fetchpriority=\"high\" decoding=\"async\" width=\"724\" height=\"1024\" src=\"https:\/\/mlvqpq3tsftm.i.optimole.com\/cb:cqvF.b6a\/w:724\/h:1024\/q:mauto\/f:best\/https:\/\/www.aufmark.com.tr\/wp-content\/uploads\/2026\/03\/2-1.jpg\" alt=\"\" class=\"wp-image-472\" srcset=\"https:\/\/mlvqpq3tsftm.i.optimole.com\/cb:cqvF.b6a\/w:724\/h:1024\/q:mauto\/f:best\/https:\/\/www.aufmark.com.tr\/wp-content\/uploads\/2026\/03\/2-1.jpg 724w, https:\/\/mlvqpq3tsftm.i.optimole.com\/cb:cqvF.b6a\/w:212\/h:300\/q:mauto\/f:best\/https:\/\/www.aufmark.com.tr\/wp-content\/uploads\/2026\/03\/2-1.jpg 212w, https:\/\/mlvqpq3tsftm.i.optimole.com\/cb:cqvF.b6a\/w:768\/h:1086\/q:mauto\/f:best\/https:\/\/www.aufmark.com.tr\/wp-content\/uploads\/2026\/03\/2-1.jpg 768w, https:\/\/mlvqpq3tsftm.i.optimole.com\/cb:cqvF.b6a\/w:1086\/h:1536\/q:mauto\/f:best\/https:\/\/www.aufmark.com.tr\/wp-content\/uploads\/2026\/03\/2-1.jpg 1086w, https:\/\/mlvqpq3tsftm.i.optimole.com\/cb:cqvF.b6a\/w:1414\/h:2000\/q:mauto\/f:best\/https:\/\/www.aufmark.com.tr\/wp-content\/uploads\/2026\/03\/2-1.jpg 1414w, https:\/\/mlvqpq3tsftm.i.optimole.com\/cb:cqvF.b6a\/w:1414\/h:2000\/q:mauto\/f:best\/dpr:2\/https:\/\/www.aufmark.com.tr\/wp-content\/uploads\/2026\/03\/2-1.jpg 2x\" sizes=\"(max-width: 724px) 100vw, 724px\" \/><\/figure>\n<\/div>\n\n<p><img data-opt-id=1440362583  data-opt-src=\"https:\/\/mlvqpq3tsftm.i.optimole.com\/cb:cqvF.b6a\/w:724\/h:1024\/q:mauto\/f:best\/http:\/\/www.aufmark.com.tr\/wp-content\/uploads\/2026\/03\/3-2.jpg\"  decoding=\"async\" class=\"aligncenter\" src=\"data:image/svg+xml,%3Csvg%20viewBox%3D%220%200%20724%201024%22%20width%3D%22724%22%20height%3D%221024%22%20xmlns%3D%22http%3A%2F%2Fwww.w3.org%2F2000%2Fsvg%22%3E%3Crect%20width%3D%22724%22%20height%3D%221024%22%20fill%3D%22transparent%22%2F%3E%3C%2Fsvg%3E\" old-srcset=\"https:\/\/mlvqpq3tsftm.i.optimole.com\/cb:cqvF.b6a\/w:724\/h:1024\/q:mauto\/f:best\/https:\/\/www.aufmark.com.tr\/wp-content\/uploads\/2026\/03\/3-2.jpg 724w, https:\/\/mlvqpq3tsftm.i.optimole.com\/cb:cqvF.b6a\/w:212\/h:300\/q:mauto\/f:best\/https:\/\/www.aufmark.com.tr\/wp-content\/uploads\/2026\/03\/3-2.jpg 212w, https:\/\/mlvqpq3tsftm.i.optimole.com\/cb:cqvF.b6a\/w:768\/h:1086\/q:mauto\/f:best\/https:\/\/www.aufmark.com.tr\/wp-content\/uploads\/2026\/03\/3-2.jpg 768w, https:\/\/mlvqpq3tsftm.i.optimole.com\/cb:cqvF.b6a\/w:1086\/h:1536\/q:mauto\/f:best\/https:\/\/www.aufmark.com.tr\/wp-content\/uploads\/2026\/03\/3-2.jpg 1086w, https:\/\/mlvqpq3tsftm.i.optimole.com\/cb:cqvF.b6a\/w:auto\/h:auto\/q:mauto\/f:best\/https:\/\/www.aufmark.com.tr\/wp-content\/uploads\/2026\/03\/3-2.jpg 1414w\" alt=\"\" width=\"724\" height=\"1024\" \/> <img data-opt-id=1666721851  data-opt-src=\"https:\/\/mlvqpq3tsftm.i.optimole.com\/cb:cqvF.b6a\/w:724\/h:1024\/q:mauto\/f:best\/http:\/\/www.aufmark.com.tr\/wp-content\/uploads\/2026\/03\/4-5.jpg\"  loading=\"lazy\" decoding=\"async\" class=\"aligncenter\" src=\"data:image/svg+xml,%3Csvg%20viewBox%3D%220%200%20724%201024%22%20width%3D%22724%22%20height%3D%221024%22%20xmlns%3D%22http%3A%2F%2Fwww.w3.org%2F2000%2Fsvg%22%3E%3Crect%20width%3D%22724%22%20height%3D%221024%22%20fill%3D%22transparent%22%2F%3E%3C%2Fsvg%3E\" old-srcset=\"https:\/\/mlvqpq3tsftm.i.optimole.com\/cb:cqvF.b6a\/w:724\/h:1024\/q:mauto\/f:best\/https:\/\/www.aufmark.com.tr\/wp-content\/uploads\/2026\/03\/4-5.jpg 724w, https:\/\/mlvqpq3tsftm.i.optimole.com\/cb:cqvF.b6a\/w:212\/h:300\/q:mauto\/f:best\/https:\/\/www.aufmark.com.tr\/wp-content\/uploads\/2026\/03\/4-5.jpg 212w, https:\/\/mlvqpq3tsftm.i.optimole.com\/cb:cqvF.b6a\/w:768\/h:1086\/q:mauto\/f:best\/https:\/\/www.aufmark.com.tr\/wp-content\/uploads\/2026\/03\/4-5.jpg 768w, https:\/\/mlvqpq3tsftm.i.optimole.com\/cb:cqvF.b6a\/w:1086\/h:1536\/q:mauto\/f:best\/https:\/\/www.aufmark.com.tr\/wp-content\/uploads\/2026\/03\/4-5.jpg 1086w, https:\/\/mlvqpq3tsftm.i.optimole.com\/cb:cqvF.b6a\/w:auto\/h:auto\/q:mauto\/f:best\/https:\/\/www.aufmark.com.tr\/wp-content\/uploads\/2026\/03\/4-5.jpg 1414w\" alt=\"\" width=\"724\" height=\"1024\" \/><\/p>\n\n\n<p><\/p>\n","protected":false},"excerpt":{"rendered":"","protected":false},"author":1,"featured_media":284,"parent":0,"menu_order":1,"comment_status":"closed","ping_status":"closed","template":"","meta":{"neve_meta_sidebar":"","neve_meta_container":"","neve_meta_enable_content_width":"","neve_meta_content_width":0,"neve_meta_title_alignment":"","neve_meta_author_avatar":"","neve_post_elements_order":"","neve_meta_disable_header":"","neve_meta_disable_footer":"","neve_meta_disable_title":"","footnotes":""},"class_list":["post-269","page","type-page","status-publish","has-post-thumbnail","hentry"],"yoast_head":"<!-- This site is optimized with the Yoast SEO plugin v27.3 - https:\/\/yoast.com\/product\/yoast-seo-wordpress\/ -->\n<title>HAKKIMIZDA - End\u00fcstriyel Markalama ve Kodlama \u00c7\u00f6z\u00fcmleri<\/title>\n<meta name=\"robots\" content=\"index, follow, max-snippet:-1, max-image-preview:large, max-video-preview:-1\" \/>\n<link rel=\"canonical\" href=\"https:\/\/www.aufmark.com.tr\/\" \/>\n<meta property=\"og:locale\" content=\"tr_TR\" \/>\n<meta property=\"og:type\" content=\"article\" \/>\n<meta property=\"og:title\" content=\"HAKKIMIZDA - End\u00fcstriyel Markalama ve Kodlama \u00c7\u00f6z\u00fcmleri\" \/>\n<meta property=\"og:url\" content=\"https:\/\/www.aufmark.com.tr\/\" \/>\n<meta property=\"og:site_name\" content=\"End\u00fcstriyel Markalama ve Kodlama \u00c7\u00f6z\u00fcmleri\" \/>\n<meta property=\"article:modified_time\" content=\"2026-04-02T19:15:13+00:00\" \/>\n<meta property=\"og:image\" content=\"https:\/\/mlvqpq3tsftm.i.optimole.com\/cb:cqvF.b6a\/w:1920\/h:1280\/q:mauto\/f:best\/https:\/\/www.aufmark.com.tr\/wp-content\/uploads\/2026\/03\/willem-chan-B89spiYpOGs-unsplash-scaled.jpg\" \/>\n\t<meta property=\"og:image:width\" content=\"2560\" \/>\n\t<meta property=\"og:image:height\" content=\"1707\" \/>\n\t<meta property=\"og:image:type\" content=\"image\/jpeg\" \/>\n<meta name=\"twitter:card\" content=\"summary_large_image\" \/>\n<meta name=\"twitter:label1\" content=\"Tahmini okuma s\u00fcresi\" \/>\n\t<meta name=\"twitter:data1\" content=\"1 dakika\" \/>\n<script type=\"application\/ld+json\" class=\"yoast-schema-graph\">{\"@context\":\"https:\\\/\\\/schema.org\",\"@graph\":[{\"@type\":\"WebPage\",\"@id\":\"https:\\\/\\\/www.aufmark.com.tr\\\/\",\"url\":\"https:\\\/\\\/www.aufmark.com.tr\\\/\",\"name\":\"HAKKIMIZDA - End\u00fcstriyel Markalama ve Kodlama \u00c7\u00f6z\u00fcmleri\",\"isPartOf\":{\"@id\":\"https:\\\/\\\/www.aufmark.com.tr\\\/#website\"},\"primaryImageOfPage\":{\"@id\":\"https:\\\/\\\/www.aufmark.com.tr\\\/#primaryimage\"},\"image\":{\"@id\":\"https:\\\/\\\/www.aufmark.com.tr\\\/#primaryimage\"},\"thumbnailUrl\":\"https:\\/\\/www.aufmark.com.tr\\/wp-content\\/uploads\\/2026\\/03\\/willem-chan-B89spiYpOGs-unsplash-scaled.jpg\",\"datePublished\":\"2026-03-04T23:19:48+00:00\",\"dateModified\":\"2026-04-02T19:15:13+00:00\",\"breadcrumb\":{\"@id\":\"https:\\\/\\\/www.aufmark.com.tr\\\/#breadcrumb\"},\"inLanguage\":\"tr\",\"potentialAction\":[{\"@type\":\"ReadAction\",\"target\":[\"https:\\\/\\\/www.aufmark.com.tr\\\/\"]}]},{\"@type\":\"ImageObject\",\"inLanguage\":\"tr\",\"@id\":\"https:\\\/\\\/www.aufmark.com.tr\\\/#primaryimage\",\"url\":\"https:\\/\\/www.aufmark.com.tr\\/wp-content\\/uploads\\/2026\\/03\\/willem-chan-B89spiYpOGs-unsplash-scaled.jpg\",\"contentUrl\":\"https:\\/\\/www.aufmark.com.tr\\/wp-content\\/uploads\\/2026\\/03\\/willem-chan-B89spiYpOGs-unsplash-scaled.jpg\",\"width\":2560,\"height\":1707},{\"@type\":\"BreadcrumbList\",\"@id\":\"https:\\\/\\\/www.aufmark.com.tr\\\/#breadcrumb\",\"itemListElement\":[{\"@type\":\"ListItem\",\"position\":1,\"name\":\"Anasayfa\",\"item\":\"https:\\\/\\\/www.aufmark.com.tr\\\/\"},{\"@type\":\"ListItem\",\"position\":2,\"name\":\"HAKKIMIZDA\"}]},{\"@type\":\"WebSite\",\"@id\":\"https:\\\/\\\/www.aufmark.com.tr\\\/#website\",\"url\":\"https:\\\/\\\/www.aufmark.com.tr\\\/\",\"name\":\"Aufmark\",\"description\":\"One stop solution partner\",\"publisher\":{\"@id\":\"https:\\\/\\\/www.aufmark.com.tr\\\/#organization\"},\"potentialAction\":[{\"@type\":\"SearchAction\",\"target\":{\"@type\":\"EntryPoint\",\"urlTemplate\":\"https:\\\/\\\/www.aufmark.com.tr\\\/?s={search_term_string}\"},\"query-input\":{\"@type\":\"PropertyValueSpecification\",\"valueRequired\":true,\"valueName\":\"search_term_string\"}}],\"inLanguage\":\"tr\"},{\"@type\":\"Organization\",\"@id\":\"https:\\\/\\\/www.aufmark.com.tr\\\/#organization\",\"name\":\"Aufmark End\u00fcstriyel \u00c7\u00f6z\u00fcmler\",\"url\":\"https:\\\/\\\/www.aufmark.com.tr\\\/\",\"logo\":{\"@type\":\"ImageObject\",\"inLanguage\":\"tr\",\"@id\":\"https:\\\/\\\/www.aufmark.com.tr\\\/#\\\/schema\\\/logo\\\/image\\\/\",\"url\":\"https:\\/\\/www.aufmark.com.tr\\/wp-content\\/uploads\\/2026\\/02\\/logo-scaled.png\",\"contentUrl\":\"https:\\/\\/www.aufmark.com.tr\\/wp-content\\/uploads\\/2026\\/02\\/logo-scaled.png\",\"width\":2560,\"height\":1440,\"caption\":\"Aufmark End\u00fcstriyel \u00c7\u00f6z\u00fcmler\"},\"image\":{\"@id\":\"https:\\\/\\\/www.aufmark.com.tr\\\/#\\\/schema\\\/logo\\\/image\\\/\"},\"sameAs\":[\"https:\\\/\\\/www.linkedin.com\\\/in\\\/isaugurfidanci3149\\\/?locale=en-US\"]}]}<\/script>\n<!-- \/ Yoast SEO plugin. -->","yoast_head_json":{"title":"HAKKIMIZDA - End\u00fcstriyel Markalama ve Kodlama \u00c7\u00f6z\u00fcmleri","robots":{"index":"index","follow":"follow","max-snippet":"max-snippet:-1","max-image-preview":"max-image-preview:large","max-video-preview":"max-video-preview:-1"},"canonical":"https:\/\/www.aufmark.com.tr\/","og_locale":"tr_TR","og_type":"article","og_title":"HAKKIMIZDA - End\u00fcstriyel Markalama ve Kodlama \u00c7\u00f6z\u00fcmleri","og_url":"https:\/\/www.aufmark.com.tr\/","og_site_name":"End\u00fcstriyel Markalama ve Kodlama \u00c7\u00f6z\u00fcmleri","article_modified_time":"2026-04-02T19:15:13+00:00","og_image":[{"width":2560,"height":1707,"url":"https:\/\/mlvqpq3tsftm.i.optimole.com\/cb:cqvF.b6a\/w:1920\/h:1280\/q:mauto\/f:best\/https:\/\/www.aufmark.com.tr\/wp-content\/uploads\/2026\/03\/willem-chan-B89spiYpOGs-unsplash-scaled.jpg","type":"image\/jpeg"}],"twitter_card":"summary_large_image","twitter_misc":{"Tahmini okuma s\u00fcresi":"1 dakika"},"schema":{"@context":"https:\/\/schema.org","@graph":[{"@type":"WebPage","@id":"https:\/\/www.aufmark.com.tr\/","url":"https:\/\/www.aufmark.com.tr\/","name":"HAKKIMIZDA - End\u00fcstriyel Markalama ve Kodlama \u00c7\u00f6z\u00fcmleri","isPartOf":{"@id":"https:\/\/www.aufmark.com.tr\/#website"},"primaryImageOfPage":{"@id":"https:\/\/www.aufmark.com.tr\/#primaryimage"},"image":{"@id":"https:\/\/www.aufmark.com.tr\/#primaryimage"},"thumbnailUrl":"https:\/\/mlvqpq3tsftm.i.optimole.com\/cb:cqvF.b6a\/w:auto\/h:auto\/q:mauto\/f:best\/https:\/\/www.aufmark.com.tr\/wp-content\/uploads\/2026\/03\/willem-chan-B89spiYpOGs-unsplash-scaled.jpg","datePublished":"2026-03-04T23:19:48+00:00","dateModified":"2026-04-02T19:15:13+00:00","breadcrumb":{"@id":"https:\/\/www.aufmark.com.tr\/#breadcrumb"},"inLanguage":"tr","potentialAction":[{"@type":"ReadAction","target":["https:\/\/www.aufmark.com.tr\/"]}]},{"@type":"ImageObject","inLanguage":"tr","@id":"https:\/\/www.aufmark.com.tr\/#primaryimage","url":"https:\/\/mlvqpq3tsftm.i.optimole.com\/cb:cqvF.b6a\/w:auto\/h:auto\/q:mauto\/f:best\/https:\/\/www.aufmark.com.tr\/wp-content\/uploads\/2026\/03\/willem-chan-B89spiYpOGs-unsplash-scaled.jpg","contentUrl":"https:\/\/mlvqpq3tsftm.i.optimole.com\/cb:cqvF.b6a\/w:auto\/h:auto\/q:mauto\/f:best\/https:\/\/www.aufmark.com.tr\/wp-content\/uploads\/2026\/03\/willem-chan-B89spiYpOGs-unsplash-scaled.jpg","width":2560,"height":1707},{"@type":"BreadcrumbList","@id":"https:\/\/www.aufmark.com.tr\/#breadcrumb","itemListElement":[{"@type":"ListItem","position":1,"name":"Anasayfa","item":"https:\/\/www.aufmark.com.tr\/"},{"@type":"ListItem","position":2,"name":"HAKKIMIZDA"}]},{"@type":"WebSite","@id":"https:\/\/www.aufmark.com.tr\/#website","url":"https:\/\/www.aufmark.com.tr\/","name":"Aufmark","description":"One stop solution partner","publisher":{"@id":"https:\/\/www.aufmark.com.tr\/#organization"},"potentialAction":[{"@type":"SearchAction","target":{"@type":"EntryPoint","urlTemplate":"https:\/\/www.aufmark.com.tr\/?s={search_term_string}"},"query-input":{"@type":"PropertyValueSpecification","valueRequired":true,"valueName":"search_term_string"}}],"inLanguage":"tr"},{"@type":"Organization","@id":"https:\/\/www.aufmark.com.tr\/#organization","name":"Aufmark End\u00fcstriyel \u00c7\u00f6z\u00fcmler","url":"https:\/\/www.aufmark.com.tr\/","logo":{"@type":"ImageObject","inLanguage":"tr","@id":"https:\/\/www.aufmark.com.tr\/#\/schema\/logo\/image\/","url":"https:\/\/mlvqpq3tsftm.i.optimole.com\/cb:cqvF.b6a\/w:auto\/h:auto\/q:mauto\/f:best\/https:\/\/www.aufmark.com.tr\/wp-content\/uploads\/2026\/02\/logo-scaled.png","contentUrl":"https:\/\/mlvqpq3tsftm.i.optimole.com\/cb:cqvF.b6a\/w:auto\/h:auto\/q:mauto\/f:best\/https:\/\/www.aufmark.com.tr\/wp-content\/uploads\/2026\/02\/logo-scaled.png","width":2560,"height":1440,"caption":"Aufmark End\u00fcstriyel \u00c7\u00f6z\u00fcmler"},"image":{"@id":"https:\/\/www.aufmark.com.tr\/#\/schema\/logo\/image\/"},"sameAs":["https:\/\/www.linkedin.com\/in\/isaugurfidanci3149\/?locale=en-US"]}]}},"_links":{"self":[{"href":"https:\/\/www.aufmark.com.tr\/index.php?rest_route=\/wp\/v2\/pages\/269","targetHints":{"allow":["GET"]}}],"collection":[{"href":"https:\/\/www.aufmark.com.tr\/index.php?rest_route=\/wp\/v2\/pages"}],"about":[{"href":"https:\/\/www.aufmark.com.tr\/index.php?rest_route=\/wp\/v2\/types\/page"}],"author":[{"embeddable":true,"href":"https:\/\/www.aufmark.com.tr\/index.php?rest_route=\/wp\/v2\/users\/1"}],"replies":[{"embeddable":true,"href":"https:\/\/www.aufmark.com.tr\/index.php?rest_route=%2Fwp%2Fv2%2Fcomments&post=269"}],"version-history":[{"count":45,"href":"https:\/\/www.aufmark.com.tr\/index.php?rest_route=\/wp\/v2\/pages\/269\/revisions"}],"predecessor-version":[{"id":592,"href":"https:\/\/www.aufmark.com.tr\/index.php?rest_route=\/wp\/v2\/pages\/269\/revisions\/592"}],"wp:featuredmedia":[{"embeddable":true,"href":"https:\/\/www.aufmark.com.tr\/index.php?rest_route=\/wp\/v2\/media\/284"}],"wp:attachment":[{"href":"https:\/\/www.aufmark.com.tr\/index.php?rest_route=%2Fwp%2Fv2%2Fmedia&parent=269"}],"curies":[{"name":"wp","href":"https:\/\/api.w.org\/{rel}","templated":true}]}}